{"id":1548,"date":"2026-04-10T18:40:27","date_gmt":"2026-04-10T21:40:27","guid":{"rendered":"https:\/\/minhapequenaboulangerie.com.br\/mpb2025\/?page_id=1548"},"modified":"2026-04-14T22:14:09","modified_gmt":"2026-04-15T01:14:09","slug":"filosofia","status":"publish","type":"page","link":"https:\/\/minhapequenaboulangerie.com.br\/mpb2025\/filosofia\/","title":{"rendered":"Filosofia"},"content":{"rendered":"\t\t<div data-elementor-type=\"wp-page\" data-elementor-id=\"1548\" class=\"elementor elementor-1548\" data-elementor-post-type=\"page\">\n\t\t\t\t<div class=\"elementor-element elementor-element-db6a8e8 e-con-full e-flex e-con e-parent\" data-id=\"db6a8e8\" data-element_type=\"container\" data-e-type=\"container\">\n\t\t<div class=\"elementor-element elementor-element-2da55e7 e-con-full e-flex e-con e-child\" data-id=\"2da55e7\" data-element_type=\"container\" data-e-type=\"container\">\n\t\t\t\t<div class=\"elementor-element elementor-element-d0efac1 elementor-widget elementor-widget-image\" data-id=\"d0efac1\" data-element_type=\"widget\" data-e-type=\"widget\" data-widget_type=\"image.default\">\n\t\t\t\t\t\t\t\t\t\t\t\t\t\t\t<img fetchpriority=\"high\" decoding=\"async\" width=\"1707\" height=\"2560\" src=\"https:\/\/minhapequenaboulangerie.com.br\/mpb2025\/wp-content\/uploads\/2025\/10\/minha-pequena-boulangerie-03-scaled.jpg\" class=\"attachment-full size-full wp-image-26\" alt=\"\" srcset=\"https:\/\/minhapequenaboulangerie.com.br\/mpb2025\/wp-content\/uploads\/2025\/10\/minha-pequena-boulangerie-03-scaled.jpg 1707w, https:\/\/minhapequenaboulangerie.com.br\/mpb2025\/wp-content\/uploads\/2025\/10\/minha-pequena-boulangerie-03-200x300.jpg 200w, https:\/\/minhapequenaboulangerie.com.br\/mpb2025\/wp-content\/uploads\/2025\/10\/minha-pequena-boulangerie-03-683x1024.jpg 683w, https:\/\/minhapequenaboulangerie.com.br\/mpb2025\/wp-content\/uploads\/2025\/10\/minha-pequena-boulangerie-03-768x1152.jpg 768w, https:\/\/minhapequenaboulangerie.com.br\/mpb2025\/wp-content\/uploads\/2025\/10\/minha-pequena-boulangerie-03-1024x1536.jpg 1024w, https:\/\/minhapequenaboulangerie.com.br\/mpb2025\/wp-content\/uploads\/2025\/10\/minha-pequena-boulangerie-03-1365x2048.jpg 1365w\" sizes=\"(max-width: 1707px) 100vw, 1707px\" \/>\t\t\t\t\t\t\t\t\t\t\t\t\t\t\t<\/div>\n\t\t\t\t<div class=\"elementor-element elementor-element-e039fd2 texto-base pilares elementor-widget-mobile_extra__width-inherit elementor-widget elementor-widget-text-editor\" data-id=\"e039fd2\" data-element_type=\"widget\" data-e-type=\"widget\" data-widget_type=\"text-editor.default\">\n\t\t\t\t\t\t\t\t\t<h3>Nutri\u00e7\u00e3o<\/h3><h4>O p\u00e3o como alimento vivo<\/h4><p>O p\u00e3o que produzo \u00e9 resultado de um processo vivo, feito a partir de farinha, \u00e1gua, sal e&#8230; tempo.<\/p><p>O processo de longa fermenta\u00e7\u00e3o natural reduz a complexidade estrutural do gl\u00faten, tornando o p\u00e3o mais leve e amig\u00e1vel ao organismo.<\/p><p>Al\u00e9m disso, os p\u00e3es s\u00e3o produzidos com um blend de farinhas integrais e multigr\u00e3os, contendo mais fibras, micronutrientes e complexidade nutricional.<\/p><p>A combina\u00e7\u00e3o entre a longa fermenta\u00e7\u00e3o natural e a diversidade de gr\u00e3os favorece a sa\u00fade intestinal.<\/p><p>O p\u00e3o deixa de ser apenas fonte de energia e passa a ser um alimento que nutre.<\/p>\t\t\t\t\t\t\t\t<\/div>\n\t\t\t\t<\/div>\n\t\t<div class=\"elementor-element elementor-element-84dcb0e e-con-full e-flex e-con e-child\" data-id=\"84dcb0e\" data-element_type=\"container\" data-e-type=\"container\">\n\t\t\t\t<div class=\"elementor-element elementor-element-a68b27d elementor-widget elementor-widget-image\" data-id=\"a68b27d\" data-element_type=\"widget\" data-e-type=\"widget\" data-widget_type=\"image.default\">\n\t\t\t\t\t\t\t\t\t\t\t\t\t\t\t<img decoding=\"async\" width=\"1707\" height=\"2560\" src=\"https:\/\/minhapequenaboulangerie.com.br\/mpb2025\/wp-content\/uploads\/2026\/04\/minha-pequena-boulangerie-26.jpg\" class=\"attachment-full size-full wp-image-1658\" alt=\"\" srcset=\"https:\/\/minhapequenaboulangerie.com.br\/mpb2025\/wp-content\/uploads\/2026\/04\/minha-pequena-boulangerie-26.jpg 1707w, https:\/\/minhapequenaboulangerie.com.br\/mpb2025\/wp-content\/uploads\/2026\/04\/minha-pequena-boulangerie-26-200x300.jpg 200w, https:\/\/minhapequenaboulangerie.com.br\/mpb2025\/wp-content\/uploads\/2026\/04\/minha-pequena-boulangerie-26-683x1024.jpg 683w, https:\/\/minhapequenaboulangerie.com.br\/mpb2025\/wp-content\/uploads\/2026\/04\/minha-pequena-boulangerie-26-768x1152.jpg 768w, https:\/\/minhapequenaboulangerie.com.br\/mpb2025\/wp-content\/uploads\/2026\/04\/minha-pequena-boulangerie-26-1024x1536.jpg 1024w, https:\/\/minhapequenaboulangerie.com.br\/mpb2025\/wp-content\/uploads\/2026\/04\/minha-pequena-boulangerie-26-1366x2048.jpg 1366w\" sizes=\"(max-width: 1707px) 100vw, 1707px\" \/>\t\t\t\t\t\t\t\t\t\t\t\t\t\t\t<\/div>\n\t\t\t\t<div class=\"elementor-element elementor-element-fa6cac7 texto-base pilares elementor-widget-mobile_extra__width-inherit elementor-widget elementor-widget-text-editor\" data-id=\"fa6cac7\" data-element_type=\"widget\" data-e-type=\"widget\" data-widget_type=\"text-editor.default\">\n\t\t\t\t\t\t\t\t\t<h3>Diversidade<\/h3><h4>P\u00e3o n\u00e3o \u00e9 tudo igual<\/h4><p>Existe uma ideia simplificada de que p\u00e3o \u00e9 sempre a mesma coisa.<br \/>Mas basta olhar com aten\u00e7\u00e3o para perceber que o p\u00e3o \u00e9 um universo.<\/p><p>Assim como o vinho, ele carrega origem, processo, composi\u00e7\u00e3o e inten\u00e7\u00e3o. Cada escolha feita ao longo do caminho muda completamente o resultado.<\/p><p>O blend de farinhas, os diferentes tipos de levain, o tempo de fermenta\u00e7\u00e3o, os ingredientes que entram na massa \u2014 tudo isso constr\u00f3i identidade.<\/p><p>H\u00e1 p\u00e3es que acolhem.<br \/>H\u00e1 p\u00e3es que despertam.<br \/>H\u00e1 p\u00e3es que<span style=\"font-size: clamp(1.125rem, 2vw, 2.25rem);\">\u00a0sustentam.<\/span><\/p><p>Cada um com sua textura, seu aroma e seu sabor.<\/p>\t\t\t\t\t\t\t\t<\/div>\n\t\t\t\t<\/div>\n\t\t<div class=\"elementor-element elementor-element-1c82476 e-con-full e-flex e-con e-child\" data-id=\"1c82476\" data-element_type=\"container\" data-e-type=\"container\">\n\t\t\t\t<div class=\"elementor-element elementor-element-017f93e elementor-widget elementor-widget-image\" data-id=\"017f93e\" data-element_type=\"widget\" data-e-type=\"widget\" data-widget_type=\"image.default\">\n\t\t\t\t\t\t\t\t\t\t\t\t\t\t\t<img decoding=\"async\" width=\"1707\" height=\"2560\" src=\"https:\/\/minhapequenaboulangerie.com.br\/mpb2025\/wp-content\/uploads\/2026\/04\/minha-pequena-boulangerie-25.jpg\" class=\"attachment-full size-full wp-image-1657\" alt=\"\" srcset=\"https:\/\/minhapequenaboulangerie.com.br\/mpb2025\/wp-content\/uploads\/2026\/04\/minha-pequena-boulangerie-25.jpg 1707w, https:\/\/minhapequenaboulangerie.com.br\/mpb2025\/wp-content\/uploads\/2026\/04\/minha-pequena-boulangerie-25-200x300.jpg 200w, https:\/\/minhapequenaboulangerie.com.br\/mpb2025\/wp-content\/uploads\/2026\/04\/minha-pequena-boulangerie-25-683x1024.jpg 683w, https:\/\/minhapequenaboulangerie.com.br\/mpb2025\/wp-content\/uploads\/2026\/04\/minha-pequena-boulangerie-25-768x1152.jpg 768w, https:\/\/minhapequenaboulangerie.com.br\/mpb2025\/wp-content\/uploads\/2026\/04\/minha-pequena-boulangerie-25-1024x1536.jpg 1024w, https:\/\/minhapequenaboulangerie.com.br\/mpb2025\/wp-content\/uploads\/2026\/04\/minha-pequena-boulangerie-25-1366x2048.jpg 1366w\" sizes=\"(max-width: 1707px) 100vw, 1707px\" \/>\t\t\t\t\t\t\t\t\t\t\t\t\t\t\t<\/div>\n\t\t\t\t<div class=\"elementor-element elementor-element-29b7370 texto-base pilares elementor-widget-mobile_extra__width-inherit elementor-widget elementor-widget-text-editor\" data-id=\"29b7370\" data-element_type=\"widget\" data-e-type=\"widget\" data-widget_type=\"text-editor.default\">\n\t\t\t\t\t\t\t\t\t<h3>Harmoniza\u00e7\u00e3o<\/h3>\n<h4>A linguagem do p\u00e3o<\/h4>\n<p>Quando come\u00e7amos a prestar aten\u00e7\u00e3o de verdade, percebemos que o p\u00e3o fala.<\/p><p>Ele fala na crosta \u2014 mais dourada, mais tostada, mais r\u00fastica.<\/p>\n<p>Ele fala no miolo \u2014 mais leve, mais \u00famido, mais denso.<\/p>\n<p>Ele fala no aroma \u2014 floral, vegetal, c\u00edtrico, tostado.<\/p><p><span style=\"font-size: clamp(1.125rem, 2vw, 2.25rem);\">Harmonizar p\u00e3o \u00e9 aprender a perceber \u2014 com mais presen\u00e7a, aten\u00e7\u00e3o e menos automatismo.<\/span><\/p><p><span style=\"font-size: clamp(1.125rem, 2vw, 2.25rem);\">\u00c9 sair do h\u00e1bito de apenas consumir e reconhecer o que cada p\u00e3o carrega \u2014 do processo ao sabor \u2014 e como ele dialoga com aquilo que o acompanha.<\/span><\/p><p><span style=\"font-size: clamp(1.125rem, 2vw, 2.25rem);\">Quando isso acontece, o p\u00e3o deixa de ser apenas alimento e passa a ser experi\u00eancia cultural, sensorial e autoral.<\/span><\/p>\t\t\t\t\t\t\t\t<\/div>\n\t\t\t\t<\/div>\n\t\t\t\t<\/div>\n\t\t\t\t<\/div>\n\t\t","protected":false},"excerpt":{"rendered":"<p>Nutri\u00e7\u00e3o O p\u00e3o como alimento vivo O p\u00e3o que produzo \u00e9 resultado de um processo vivo, feito a partir de farinha, \u00e1gua, sal e&#8230; tempo. O processo de longa fermenta\u00e7\u00e3o natural reduz a complexidade estrutural do gl\u00faten, tornando o p\u00e3o mais leve e amig\u00e1vel ao organismo. Al\u00e9m disso, os p\u00e3es s\u00e3o produzidos com um blend [&hellip;]<\/p>\n","protected":false},"author":1,"featured_media":1444,"parent":0,"menu_order":0,"comment_status":"closed","ping_status":"closed","template":"elementor_header_footer","meta":{"footnotes":""},"class_list":["post-1548","page","type-page","status-publish","has-post-thumbnail","hentry"],"_links":{"self":[{"href":"https:\/\/minhapequenaboulangerie.com.br\/mpb2025\/wp-json\/wp\/v2\/pages\/1548","targetHints":{"allow":["GET"]}}],"collection":[{"href":"https:\/\/minhapequenaboulangerie.com.br\/mpb2025\/wp-json\/wp\/v2\/pages"}],"about":[{"href":"https:\/\/minhapequenaboulangerie.com.br\/mpb2025\/wp-json\/wp\/v2\/types\/page"}],"author":[{"embeddable":true,"href":"https:\/\/minhapequenaboulangerie.com.br\/mpb2025\/wp-json\/wp\/v2\/users\/1"}],"replies":[{"embeddable":true,"href":"https:\/\/minhapequenaboulangerie.com.br\/mpb2025\/wp-json\/wp\/v2\/comments?post=1548"}],"version-history":[{"count":28,"href":"https:\/\/minhapequenaboulangerie.com.br\/mpb2025\/wp-json\/wp\/v2\/pages\/1548\/revisions"}],"predecessor-version":[{"id":1661,"href":"https:\/\/minhapequenaboulangerie.com.br\/mpb2025\/wp-json\/wp\/v2\/pages\/1548\/revisions\/1661"}],"wp:featuredmedia":[{"embeddable":true,"href":"https:\/\/minhapequenaboulangerie.com.br\/mpb2025\/wp-json\/wp\/v2\/media\/1444"}],"wp:attachment":[{"href":"https:\/\/minhapequenaboulangerie.com.br\/mpb2025\/wp-json\/wp\/v2\/media?parent=1548"}],"curies":[{"name":"wp","href":"https:\/\/api.w.org\/{rel}","templated":true}]}}