{"id":1585,"date":"2026-04-10T19:38:06","date_gmt":"2026-04-10T22:38:06","guid":{"rendered":"https:\/\/minhapequenaboulangerie.com.br\/mpb2025\/?page_id=1585"},"modified":"2026-04-14T22:14:57","modified_gmt":"2026-04-15T01:14:57","slug":"fornadas","status":"publish","type":"page","link":"https:\/\/minhapequenaboulangerie.com.br\/mpb2025\/fornadas\/","title":{"rendered":"Fornadas"},"content":{"rendered":"\t\t<div data-elementor-type=\"wp-page\" data-elementor-id=\"1585\" class=\"elementor elementor-1585\" data-elementor-post-type=\"page\">\n\t\t\t\t<div class=\"elementor-element elementor-element-5d5e917 e-con-full elementor-hidden-mobile e-flex e-con e-parent\" data-id=\"5d5e917\" data-element_type=\"container\">\n\t\t<div class=\"elementor-element elementor-element-e9bc28e e-con-full e-flex e-con e-child\" data-id=\"e9bc28e\" data-element_type=\"container\" data-settings=\"{&quot;background_background&quot;:&quot;classic&quot;}\">\n\t\t\t\t<div class=\"elementor-element elementor-element-06be860 texto-imagem-topo elementor-widget elementor-widget-text-editor\" data-id=\"06be860\" data-element_type=\"widget\" data-e-type=\"widget\" data-widget_type=\"text-editor.default\">\n\t\t\t\t\t\t\t\t\t<h2>Fornadas que respeitam o tempo.<\/h2>\n<h2>Fornadas que transformam o simples.<\/h2>\t\t\t\t\t\t\t\t<\/div>\n\t\t\t\t<\/div>\n\t\t\t\t<\/div>\n\t\t<div class=\"elementor-element elementor-element-1082db6e e-con-full elementor-hidden-widescreen elementor-hidden-desktop elementor-hidden-laptop elementor-hidden-tablet_extra elementor-hidden-tablet elementor-hidden-mobile_extra e-flex e-con e-parent\" data-id=\"1082db6e\" data-element_type=\"container\">\n\t\t<div class=\"elementor-element elementor-element-27a63ce0 e-con-full e-flex e-con e-child\" data-id=\"27a63ce0\" data-element_type=\"container\" data-settings=\"{&quot;background_background&quot;:&quot;classic&quot;}\">\n\t\t\t\t<div class=\"elementor-element elementor-element-1b7e7cdb elementor-widget elementor-widget-image\" data-id=\"1b7e7cdb\" data-element_type=\"widget\" data-widget_type=\"image.default\">\n\t\t\t\t\t\t\t\t\t\t\t\t\t\t\t<img decoding=\"async\" src=\"https:\/\/minhapequenaboulangerie.com.br\/mpb2025\/wp-content\/uploads\/elementor\/thumbs\/minha-pequena-boulangerie-14-scaled-reuodrzy4uatydle4lfjfz2397binwwjmh0rco2qag.jpg\" title=\"minha-pequena-boulangerie-14\" alt=\"minha-pequena-boulangerie-14\" loading=\"lazy\" \/>\t\t\t\t\t\t\t\t\t\t\t\t\t\t\t<\/div>\n\t\t\t\t<\/div>\n\t\t<div class=\"elementor-element elementor-element-3b51574c e-con-full e-flex e-con e-child\" data-id=\"3b51574c\" data-element_type=\"container\" data-settings=\"{&quot;background_background&quot;:&quot;classic&quot;}\">\n\t\t\t\t<div class=\"elementor-element elementor-element-7d338021 texto-imagem-topo-2 elementor-widget elementor-widget-text-editor\" data-id=\"7d338021\" data-element_type=\"widget\" data-e-type=\"widget\" data-widget_type=\"text-editor.default\">\n\t\t\t\t\t\t\t\t\t<h2>Fornadas que respeitam o tempo.<\/h2>\n<h2>Fornadas que transformam o simples.<\/h2>\t\t\t\t\t\t\t\t<\/div>\n\t\t\t\t<\/div>\n\t\t\t\t<\/div>\n\t\t<div class=\"elementor-element elementor-element-82b3fe3 e-con-full e-flex e-con e-parent\" data-id=\"82b3fe3\" data-element_type=\"container\">\n\t\t<div class=\"elementor-element elementor-element-1f2766b e-con-full e-flex e-con e-child\" data-id=\"1f2766b\" data-element_type=\"container\">\n\t\t\t\t<div class=\"elementor-element elementor-element-9dd2c8f elementor-widget__width-initial texto-base elementor-widget elementor-widget-text-editor\" data-id=\"9dd2c8f\" data-element_type=\"widget\" data-e-type=\"widget\" data-widget_type=\"text-editor.default\">\n\t\t\t\t\t\t\t\t\t<p>Semanalmente, produzo p\u00e3es em meu ateli\u00ea, localizado em Alphaville, Barueri-SP.<\/p><p>A produ\u00e7\u00e3o \u00e9 extremamente artesanal. Por isso, as fornadas s\u00e3o feitas sob encomenda e n\u00e3o h\u00e1 disponibilidade de pronta entrega.<\/p><p>Para receber a newsletter semanal com a programa\u00e7\u00e3o das fornadas e fazer seu pedido,\u00a0<a href=\"mailto:pedido@minhapequenaboulangerie.com.br\">cadastre-se no mailing.<\/a><\/p>\t\t\t\t\t\t\t\t<\/div>\n\t\t\t\t<\/div>\n\t\t\t\t<\/div>\n\t\t\t\t<\/div>\n\t\t","protected":false},"excerpt":{"rendered":"<p>Fornadas que respeitam o tempo. Fornadas que transformam o simples. Fornadas que respeitam o tempo. Fornadas que transformam o simples. Semanalmente, produzo p\u00e3es em meu ateli\u00ea, localizado em Alphaville, Barueri-SP. A produ\u00e7\u00e3o \u00e9 extremamente artesanal. Por isso, as fornadas s\u00e3o feitas sob encomenda e n\u00e3o h\u00e1 disponibilidade de pronta entrega. Para receber a newsletter semanal [&hellip;]<\/p>\n","protected":false},"author":1,"featured_media":1443,"parent":0,"menu_order":0,"comment_status":"closed","ping_status":"closed","template":"elementor_header_footer","meta":{"footnotes":""},"class_list":["post-1585","page","type-page","status-publish","has-post-thumbnail","hentry"],"_links":{"self":[{"href":"https:\/\/minhapequenaboulangerie.com.br\/mpb2025\/wp-json\/wp\/v2\/pages\/1585","targetHints":{"allow":["GET"]}}],"collection":[{"href":"https:\/\/minhapequenaboulangerie.com.br\/mpb2025\/wp-json\/wp\/v2\/pages"}],"about":[{"href":"https:\/\/minhapequenaboulangerie.com.br\/mpb2025\/wp-json\/wp\/v2\/types\/page"}],"author":[{"embeddable":true,"href":"https:\/\/minhapequenaboulangerie.com.br\/mpb2025\/wp-json\/wp\/v2\/users\/1"}],"replies":[{"embeddable":true,"href":"https:\/\/minhapequenaboulangerie.com.br\/mpb2025\/wp-json\/wp\/v2\/comments?post=1585"}],"version-history":[{"count":28,"href":"https:\/\/minhapequenaboulangerie.com.br\/mpb2025\/wp-json\/wp\/v2\/pages\/1585\/revisions"}],"predecessor-version":[{"id":1664,"href":"https:\/\/minhapequenaboulangerie.com.br\/mpb2025\/wp-json\/wp\/v2\/pages\/1585\/revisions\/1664"}],"wp:featuredmedia":[{"embeddable":true,"href":"https:\/\/minhapequenaboulangerie.com.br\/mpb2025\/wp-json\/wp\/v2\/media\/1443"}],"wp:attachment":[{"href":"https:\/\/minhapequenaboulangerie.com.br\/mpb2025\/wp-json\/wp\/v2\/media?parent=1585"}],"curies":[{"name":"wp","href":"https:\/\/api.w.org\/{rel}","templated":true}]}}