{"id":7,"date":"2025-10-07T17:21:30","date_gmt":"2025-10-07T20:21:30","guid":{"rendered":"https:\/\/teste1.guerraecoltri.com.br\/?page_id=7"},"modified":"2026-04-10T19:42:34","modified_gmt":"2026-04-10T22:42:34","slug":"elementor-7","status":"publish","type":"page","link":"https:\/\/minhapequenaboulangerie.com.br\/mpb2025\/","title":{"rendered":"Minha Pequena Boulangerie"},"content":{"rendered":"\t\t<div data-elementor-type=\"wp-post\" data-elementor-id=\"7\" class=\"elementor elementor-7\" data-elementor-post-type=\"page\">\n\t\t\t\t<div class=\"elementor-element elementor-element-2b5c3df e-con-full elementor-hidden-mobile e-flex e-con e-parent\" data-id=\"2b5c3df\" data-element_type=\"container\" data-e-type=\"container\">\n\t\t<div class=\"elementor-element elementor-element-65b2349 e-con-full titulo-extra e-flex e-con e-child\" data-id=\"65b2349\" data-element_type=\"container\" data-e-type=\"container\" data-settings=\"{&quot;background_background&quot;:&quot;video&quot;,&quot;background_video_link&quot;:&quot;https:\\\/\\\/youtu.be\\\/Ewloisaxn-U&quot;}\">\n\t\t<div class=\"elementor-background-video-container elementor-hidden-mobile\">\n\t\t\t\t\t\t\t<div class=\"elementor-background-video-embed\" role=\"presentation\"><\/div>\n\t\t\t\t\t\t<\/div>\t\t<div class=\"elementor-element elementor-element-782ad69 texto-imagem-topo elementor-widget elementor-widget-text-editor\" data-id=\"782ad69\" data-element_type=\"widget\" data-e-type=\"widget\" data-widget_type=\"text-editor.default\">\n\t\t\t\t\t\t\t\t\t<h2>P\u00e3o com alma.<\/h2><h2>Para um tempo mais humano.<\/h2>\t\t\t\t\t\t\t\t<\/div>\n\t\t\t\t<\/div>\n\t\t\t\t<div class=\"elementor-element elementor-element-b4c3d52 titulo-extra-capa elementor-widget__width-initial elementor-widget elementor-widget-text-editor\" data-id=\"b4c3d52\" data-element_type=\"widget\" data-e-type=\"widget\" data-widget_type=\"text-editor.default\">\n\t\t\t\t\t\t\t\t\t<h3>A Minha Pequena Boulangerie n\u00e3o nasceu para ser um neg\u00f3cio.<\/h3><h3>Ela foi criada como um espa\u00e7o de pr\u00e1tica. Um espa\u00e7o de cria\u00e7\u00e3o onde eu produzo p\u00e3es de forma artesanal, em pequena escala, com respeito \u00e0 mat\u00e9ria viva e integridade dos ingredientes.<\/h3><h3>Um lugar onde o p\u00e3o deixa de ser apenas alimento e passa a ser processo, tempo e presen\u00e7a.<\/h3><h3><span style=\"font-weight: bold;\">O p\u00e3o, aqui, \u00e9 linguagem.<\/span><\/h3><h3>Ele expressa escolhas, inten\u00e7\u00f5es e identidade. Revela processos e convida \u00e0 observa\u00e7\u00e3o de mim mesma. Aproxima, cria encontros e conecta as pessoas.<\/h3>\t\t\t\t\t\t\t\t<\/div>\n\t\t\t\t<\/div>\n\t\t<div class=\"elementor-element elementor-element-3cc7a13 e-con-full elementor-hidden-widescreen elementor-hidden-desktop elementor-hidden-laptop elementor-hidden-tablet_extra elementor-hidden-tablet elementor-hidden-mobile_extra e-flex e-con e-parent\" data-id=\"3cc7a13\" data-element_type=\"container\" data-e-type=\"container\">\n\t\t<div class=\"elementor-element elementor-element-270a4c7 e-con-full e-flex e-con e-child\" data-id=\"270a4c7\" data-element_type=\"container\" data-e-type=\"container\" data-settings=\"{&quot;background_background&quot;:&quot;gradient&quot;}\">\n\t\t\t\t<div class=\"elementor-element elementor-element-db432be elementor-widget elementor-widget-video\" data-id=\"db432be\" data-element_type=\"widget\" data-e-type=\"widget\" data-settings=\"{&quot;youtube_url&quot;:&quot;https:\\\/\\\/youtube.com\\\/shorts\\\/pojnMLe9bug&quot;,&quot;autoplay&quot;:&quot;yes&quot;,&quot;play_on_mobile&quot;:&quot;yes&quot;,&quot;loop&quot;:&quot;yes&quot;,&quot;video_type&quot;:&quot;youtube&quot;}\" data-widget_type=\"video.default\">\n\t\t\t\t\t\t\t<div class=\"elementor-wrapper elementor-open-inline\">\n\t\t\t<div class=\"elementor-video\"><\/div>\t\t<\/div>\n\t\t\t\t\t\t<\/div>\n\t\t\t\t<\/div>\n\t\t<div class=\"elementor-element elementor-element-42dd263 e-con-full e-flex e-con e-child\" data-id=\"42dd263\" data-element_type=\"container\" data-e-type=\"container\" data-settings=\"{&quot;background_background&quot;:&quot;classic&quot;}\">\n\t\t\t\t<div class=\"elementor-element elementor-element-d483ecf texto-imagem-topo-2 elementor-widget elementor-widget-text-editor\" data-id=\"d483ecf\" data-element_type=\"widget\" data-e-type=\"widget\" data-widget_type=\"text-editor.default\">\n\t\t\t\t\t\t\t\t\t<h2>P\u00e3o com alma.<br>Para um tempo mais humano.<\/h2>\n<h3>A Minha Pequena Boulangerie n\u00e3o nasceu para ser um neg\u00f3cio.<\/h3>\n<h3>Ela foi criada como um espa\u00e7o de pr\u00e1tica. Um espa\u00e7o de cria\u00e7\u00e3o onde eu produzo p\u00e3es de forma artesanal, em pequena escala, com respeito \u00e0 mat\u00e9ria viva e integridade dos ingredientes.<\/h3>\n<h3>Um lugar onde o p\u00e3o deixa de ser apenas alimento e passa a ser processo, tempo e presen\u00e7a.<\/h3>\n<h3><b>O p\u00e3o, aqui, \u00e9 linguagem.<\/b><\/h3>\n<h3>Ele expressa escolhas, inten\u00e7\u00f5es e identidade. Revela processos e convida \u00e0 observa\u00e7\u00e3o de mim mesma. Aproxima, cria encontros e conecta as pessoas.<\/h3>\t\t\t\t\t\t\t\t<\/div>\n\t\t\t\t<\/div>\n\t\t\t\t<\/div>\n\t\t\t\t<\/div>\n\t\t","protected":false},"excerpt":{"rendered":"<p>P\u00e3o com alma. Para um tempo mais humano. A Minha Pequena Boulangerie n\u00e3o nasceu para ser um neg\u00f3cio. Ela foi criada como um espa\u00e7o de pr\u00e1tica. Um espa\u00e7o de cria\u00e7\u00e3o onde eu produzo p\u00e3es de forma artesanal, em pequena escala, com respeito \u00e0 mat\u00e9ria viva e integridade dos ingredientes. Um lugar onde o p\u00e3o deixa [&hellip;]<\/p>\n","protected":false},"author":1,"featured_media":1442,"parent":0,"menu_order":0,"comment_status":"closed","ping_status":"closed","template":"elementor_header_footer","meta":{"footnotes":""},"class_list":["post-7","page","type-page","status-publish","has-post-thumbnail","hentry"],"_links":{"self":[{"href":"https:\/\/minhapequenaboulangerie.com.br\/mpb2025\/wp-json\/wp\/v2\/pages\/7","targetHints":{"allow":["GET"]}}],"collection":[{"href":"https:\/\/minhapequenaboulangerie.com.br\/mpb2025\/wp-json\/wp\/v2\/pages"}],"about":[{"href":"https:\/\/minhapequenaboulangerie.com.br\/mpb2025\/wp-json\/wp\/v2\/types\/page"}],"author":[{"embeddable":true,"href":"https:\/\/minhapequenaboulangerie.com.br\/mpb2025\/wp-json\/wp\/v2\/users\/1"}],"replies":[{"embeddable":true,"href":"https:\/\/minhapequenaboulangerie.com.br\/mpb2025\/wp-json\/wp\/v2\/comments?post=7"}],"version-history":[{"count":220,"href":"https:\/\/minhapequenaboulangerie.com.br\/mpb2025\/wp-json\/wp\/v2\/pages\/7\/revisions"}],"predecessor-version":[{"id":1646,"href":"https:\/\/minhapequenaboulangerie.com.br\/mpb2025\/wp-json\/wp\/v2\/pages\/7\/revisions\/1646"}],"wp:featuredmedia":[{"embeddable":true,"href":"https:\/\/minhapequenaboulangerie.com.br\/mpb2025\/wp-json\/wp\/v2\/media\/1442"}],"wp:attachment":[{"href":"https:\/\/minhapequenaboulangerie.com.br\/mpb2025\/wp-json\/wp\/v2\/media?parent=7"}],"curies":[{"name":"wp","href":"https:\/\/api.w.org\/{rel}","templated":true}]}}